{"id":7,"date":"2016-08-08T06:02:28","date_gmt":"2016-08-08T08:02:28","guid":{"rendered":"http:\/\/www.islamo-centras.lt\/?page_id=7"},"modified":"2016-12-28T16:34:09","modified_gmt":"2016-12-28T18:34:09","slug":"apie-mus","status":"publish","type":"page","link":"https:\/\/www.islamo-centras.lt\/lt\/apie-mus\/","title":{"rendered":"Apie mus"},"content":{"rendered":"<p><span style=\"color: #000000;\">V\u0161\u012e \u201eIslamo kult\u016bros ir \u0161vietimo centras\u201c<\/span><\/p>\n<p><span style=\"color: #000000;\">Buvo atidarytas 2013-04-04<\/span><br \/>\n<span style=\"color: #000000;\"> Atidaryme dalyvavo Turkijos Respublikos Prezidentas Abdullah Gul ir Lietuvos Respublikos Kult\u016bros ministras \u0160ar\u016bnas Birutis.<\/span><br \/>\n<span style=\"color: #000000;\"> V\u0161\u012e \u201eIslamo kult\u016bros ir \u0161vietimo centro\u201c pastatas \u012fgytas ir \u012frengtas Turkijos Respublikos institucijos ir organizacijos l\u0117\u0161omis.<\/span><\/p>\n<p>&nbsp;<\/p>\n<p style=\"text-align: center;\"><img loading=\"lazy\" class=\"size-medium wp-image-363 aligncenter\" src=\"http:\/\/www.islamo-centras.lt\/wp-content\/uploads\/2016\/12\/DSC03507_resize-300x199.jpg\" alt=\"\" width=\"300\" height=\"199\" srcset=\"https:\/\/www.islamo-centras.lt\/wp-content\/uploads\/2016\/12\/DSC03507_resize-300x199.jpg 300w, https:\/\/www.islamo-centras.lt\/wp-content\/uploads\/2016\/12\/DSC03507_resize-768x510.jpg 768w, https:\/\/www.islamo-centras.lt\/wp-content\/uploads\/2016\/12\/DSC03507_resize-1024x681.jpg 1024w\" sizes=\"(max-width: 300px) 100vw, 300px\" \/><\/p>\n<p><\/p>","protected":false},"excerpt":{"rendered":"<p>V\u0161\u012e \u201eIslamo kult\u016bros ir \u0161vietimo centras\u201c Buvo atidarytas 2013-04-04 Atidaryme dalyvavo Turkijos Respublikos Prezidentas Abdullah Gul ir Lietuvos Respublikos Kult\u016bros ministras \u0160ar\u016bnas Birutis. V\u0161\u012e \u201eIslamo kult\u016bros ir \u0161vietimo centro\u201c pastatas \u012fgytas ir \u012frengtas Turkijos Respublikos institucijos ir organizacijos l\u0117\u0161omis. &nbsp;<\/p>\n","protected":false},"author":1,"featured_media":0,"parent":0,"menu_order":0,"comment_status":"closed","ping_status":"closed","template":"","meta":[],"_links":{"self":[{"href":"https:\/\/www.islamo-centras.lt\/lt\/wp-json\/wp\/v2\/pages\/7"}],"collection":[{"href":"https:\/\/www.islamo-centras.lt\/lt\/wp-json\/wp\/v2\/pages"}],"about":[{"href":"https:\/\/www.islamo-centras.lt\/lt\/wp-json\/wp\/v2\/types\/page"}],"author":[{"embeddable":true,"href":"https:\/\/www.islamo-centras.lt\/lt\/wp-json\/wp\/v2\/users\/1"}],"replies":[{"embeddable":true,"href":"https:\/\/www.islamo-centras.lt\/lt\/wp-json\/wp\/v2\/comments?post=7"}],"version-history":[{"count":17,"href":"https:\/\/www.islamo-centras.lt\/lt\/wp-json\/wp\/v2\/pages\/7\/revisions"}],"predecessor-version":[{"id":367,"href":"https:\/\/www.islamo-centras.lt\/lt\/wp-json\/wp\/v2\/pages\/7\/revisions\/367"}],"wp:attachment":[{"href":"https:\/\/www.islamo-centras.lt\/lt\/wp-json\/wp\/v2\/media?parent=7"}],"curies":[{"name":"wp","href":"https:\/\/api.w.org\/{rel}","templated":true}]}}