{"id":42,"date":"2016-11-28T13:12:38","date_gmt":"2016-11-28T15:12:38","guid":{"rendered":"http:\/\/www.islamo-centras.lt\/?page_id=42"},"modified":"2016-12-13T07:14:36","modified_gmt":"2016-12-13T09:14:36","slug":"zinios-apie-islama","status":"publish","type":"page","link":"https:\/\/www.islamo-centras.lt\/lt\/zinios-apie-islama\/","title":{"rendered":"\u017dinios apie Islam\u0105"},"content":{"rendered":"<p>\u017dinios apie Islam\u0105<br \/>\nKas yra Islamas<br \/>\n\u0160ventasis Koranas<br \/>\nHadisai<br \/>\nMalda<br \/>\nZakatas<br \/>\nPasninkas<br \/>\nHad\u017eas<\/p>\n<p>&nbsp;<\/p>","protected":false},"excerpt":{"rendered":"<p>\u017dinios apie Islam\u0105 Kas yra Islamas \u0160ventasis Koranas Hadisai Malda Zakatas Pasninkas Had\u017eas &nbsp;<\/p>\n","protected":false},"author":1,"featured_media":0,"parent":0,"menu_order":0,"comment_status":"closed","ping_status":"closed","template":"","meta":[],"_links":{"self":[{"href":"https:\/\/www.islamo-centras.lt\/lt\/wp-json\/wp\/v2\/pages\/42"}],"collection":[{"href":"https:\/\/www.islamo-centras.lt\/lt\/wp-json\/wp\/v2\/pages"}],"about":[{"href":"https:\/\/www.islamo-centras.lt\/lt\/wp-json\/wp\/v2\/types\/page"}],"author":[{"embeddable":true,"href":"https:\/\/www.islamo-centras.lt\/lt\/wp-json\/wp\/v2\/users\/1"}],"replies":[{"embeddable":true,"href":"https:\/\/www.islamo-centras.lt\/lt\/wp-json\/wp\/v2\/comments?post=42"}],"version-history":[{"count":3,"href":"https:\/\/www.islamo-centras.lt\/lt\/wp-json\/wp\/v2\/pages\/42\/revisions"}],"predecessor-version":[{"id":259,"href":"https:\/\/www.islamo-centras.lt\/lt\/wp-json\/wp\/v2\/pages\/42\/revisions\/259"}],"wp:attachment":[{"href":"https:\/\/www.islamo-centras.lt\/lt\/wp-json\/wp\/v2\/media?parent=42"}],"curies":[{"name":"wp","href":"https:\/\/api.w.org\/{rel}","templated":true}]}}