{"id":286,"date":"2016-12-17T11:54:49","date_gmt":"2016-12-17T13:54:49","guid":{"rendered":"http:\/\/www.islamo-centras.lt\/?page_id=286"},"modified":"2017-01-01T15:49:23","modified_gmt":"2017-01-01T17:49:23","slug":"socialine-veikla","status":"publish","type":"page","link":"https:\/\/www.islamo-centras.lt\/lt\/socialine-veikla\/","title":{"rendered":"Socialin\u0117 veikla"},"content":{"rendered":"<p><\/p>\n<p style=\"text-align: left;\">Turkijos Respublikos u\u017esieni\u0173 reikal\u0173 ministras Mevlut Cavusoglu 2015-04-03 per savo vizit\u0105 \u012f Lietuvos Respublik\u0105 aplank\u0117 m\u016bs\u0173 centr\u0105 ir susitiko su totori\u0173 bei musulmon\u0173 bendruomeni\u0173 atstovais. Buvo pristatyti u\u017ebaigti projektai, kuriuose dalyvavo Turkijos Respublika bei buvo aptarti perspektyv\u016bs bendri projektai.<\/p>\n<p>&nbsp;<\/p>\n<p><img loading=\"lazy\" class=\"size-medium wp-image-377 alignleft\" src=\"http:\/\/www.islamo-centras.lt\/wp-content\/uploads\/2016\/12\/11101832_10206474398489817_8471379500812808124_n-300x199.jpg\" alt=\"\" width=\"300\" height=\"199\" srcset=\"https:\/\/www.islamo-centras.lt\/wp-content\/uploads\/2016\/12\/11101832_10206474398489817_8471379500812808124_n-300x199.jpg 300w, https:\/\/www.islamo-centras.lt\/wp-content\/uploads\/2016\/12\/11101832_10206474398489817_8471379500812808124_n-768x510.jpg 768w, https:\/\/www.islamo-centras.lt\/wp-content\/uploads\/2016\/12\/11101832_10206474398489817_8471379500812808124_n.jpg 960w\" sizes=\"(max-width: 300px) 100vw, 300px\" \/><img loading=\"lazy\" class=\" wp-image-378 alignleft\" src=\"http:\/\/www.islamo-centras.lt\/wp-content\/uploads\/2016\/12\/11129689_10206474227845551_2677633969642176092_n-300x199.jpg\" alt=\"\" width=\"304\" height=\"202\" srcset=\"https:\/\/www.islamo-centras.lt\/wp-content\/uploads\/2016\/12\/11129689_10206474227845551_2677633969642176092_n-300x199.jpg 300w, https:\/\/www.islamo-centras.lt\/wp-content\/uploads\/2016\/12\/11129689_10206474227845551_2677633969642176092_n-768x510.jpg 768w, https:\/\/www.islamo-centras.lt\/wp-content\/uploads\/2016\/12\/11129689_10206474227845551_2677633969642176092_n.jpg 960w\" sizes=\"(max-width: 304px) 100vw, 304px\" \/><\/p>\n<p>&nbsp;<\/p>\n<p>&nbsp;<\/p>\n<p>&nbsp;<\/p>\n<p>&nbsp;<\/p>\n<p>&nbsp;<\/p>\n<p>&nbsp;<\/p>\n<p><img loading=\"lazy\" class=\"size-medium wp-image-375 alignleft\" src=\"http:\/\/www.islamo-centras.lt\/wp-content\/uploads\/2016\/12\/10007010_10206474227725548_8238553830084823193_n-300x199.jpg\" alt=\"\" width=\"300\" height=\"199\" srcset=\"https:\/\/www.islamo-centras.lt\/wp-content\/uploads\/2016\/12\/10007010_10206474227725548_8238553830084823193_n-300x199.jpg 300w, https:\/\/www.islamo-centras.lt\/wp-content\/uploads\/2016\/12\/10007010_10206474227725548_8238553830084823193_n-768x510.jpg 768w, https:\/\/www.islamo-centras.lt\/wp-content\/uploads\/2016\/12\/10007010_10206474227725548_8238553830084823193_n.jpg 960w\" sizes=\"(max-width: 300px) 100vw, 300px\" \/><\/p>\n<p><img loading=\"lazy\" class=\" wp-image-408 alignleft\" src=\"http:\/\/www.islamo-centras.lt\/wp-content\/uploads\/2017\/01\/444-300x226.jpg\" alt=\"\" width=\"264\" height=\"199\" srcset=\"https:\/\/www.islamo-centras.lt\/wp-content\/uploads\/2017\/01\/444-300x226.jpg 300w, https:\/\/www.islamo-centras.lt\/wp-content\/uploads\/2017\/01\/444.jpg 767w\" sizes=\"(max-width: 264px) 100vw, 264px\" \/><\/p>\n<p>&nbsp;<\/p>\n<p>&nbsp;<\/p>\n<p>&nbsp;<\/p>\n<p>&nbsp;<\/p>\n<p>&nbsp;<\/p>\n<p>&nbsp;<\/p>\n<p><img loading=\"lazy\" class=\"size-medium wp-image-379 alignleft\" src=\"http:\/\/www.islamo-centras.lt\/wp-content\/uploads\/2016\/12\/vikem-1_o-300x195.jpg\" alt=\"\" width=\"300\" height=\"195\" srcset=\"https:\/\/www.islamo-centras.lt\/wp-content\/uploads\/2016\/12\/vikem-1_o-300x195.jpg 300w, https:\/\/www.islamo-centras.lt\/wp-content\/uploads\/2016\/12\/vikem-1_o-768x499.jpg 768w, https:\/\/www.islamo-centras.lt\/wp-content\/uploads\/2016\/12\/vikem-1_o-1024x665.jpg 1024w, https:\/\/www.islamo-centras.lt\/wp-content\/uploads\/2016\/12\/vikem-1_o.jpg 2048w\" sizes=\"(max-width: 300px) 100vw, 300px\" \/><img loading=\"lazy\" class=\"size-medium wp-image-380 alignleft\" src=\"http:\/\/www.islamo-centras.lt\/wp-content\/uploads\/2016\/12\/vikem_o-300x199.jpg\" alt=\"\" width=\"300\" height=\"199\" srcset=\"https:\/\/www.islamo-centras.lt\/wp-content\/uploads\/2016\/12\/vikem_o-300x199.jpg 300w, https:\/\/www.islamo-centras.lt\/wp-content\/uploads\/2016\/12\/vikem_o-768x510.jpg 768w, https:\/\/www.islamo-centras.lt\/wp-content\/uploads\/2016\/12\/vikem_o-1024x681.jpg 1024w, https:\/\/www.islamo-centras.lt\/wp-content\/uploads\/2016\/12\/vikem_o.jpg 2048w\" sizes=\"(max-width: 300px) 100vw, 300px\" \/><\/p>\n<p>&nbsp;<\/p>","protected":false},"excerpt":{"rendered":"<p>Turkijos Respublikos u\u017esieni\u0173 reikal\u0173 ministras Mevlut Cavusoglu 2015-04-03 per savo vizit\u0105 \u012f Lietuvos Respublik\u0105 aplank\u0117 m\u016bs\u0173 centr\u0105 ir susitiko su totori\u0173 bei musulmon\u0173 bendruomeni\u0173 atstovais. Buvo pristatyti u\u017ebaigti projektai, kuriuose dalyvavo Turkijos Respublika bei buvo aptarti perspektyv\u016bs bendri projektai. &nbsp; &nbsp; &nbsp; &nbsp; &nbsp; &nbsp; &nbsp; &nbsp; &nbsp; &nbsp; &nbsp; &nbsp; &nbsp; &nbsp;<\/p>\n","protected":false},"author":1,"featured_media":0,"parent":0,"menu_order":0,"comment_status":"closed","ping_status":"closed","template":"","meta":[],"_links":{"self":[{"href":"https:\/\/www.islamo-centras.lt\/lt\/wp-json\/wp\/v2\/pages\/286"}],"collection":[{"href":"https:\/\/www.islamo-centras.lt\/lt\/wp-json\/wp\/v2\/pages"}],"about":[{"href":"https:\/\/www.islamo-centras.lt\/lt\/wp-json\/wp\/v2\/types\/page"}],"author":[{"embeddable":true,"href":"https:\/\/www.islamo-centras.lt\/lt\/wp-json\/wp\/v2\/users\/1"}],"replies":[{"embeddable":true,"href":"https:\/\/www.islamo-centras.lt\/lt\/wp-json\/wp\/v2\/comments?post=286"}],"version-history":[{"count":11,"href":"https:\/\/www.islamo-centras.lt\/lt\/wp-json\/wp\/v2\/pages\/286\/revisions"}],"predecessor-version":[{"id":409,"href":"https:\/\/www.islamo-centras.lt\/lt\/wp-json\/wp\/v2\/pages\/286\/revisions\/409"}],"wp:attachment":[{"href":"https:\/\/www.islamo-centras.lt\/lt\/wp-json\/wp\/v2\/media?parent=286"}],"curies":[{"name":"wp","href":"https:\/\/api.w.org\/{rel}","templated":true}]}}