{"id":28,"date":"2016-08-08T11:01:01","date_gmt":"2016-08-08T13:01:01","guid":{"rendered":"http:\/\/www.islamo-centras.lt\/?page_id=28"},"modified":"2016-12-06T08:39:24","modified_gmt":"2016-12-06T10:39:24","slug":"kontaktai","status":"publish","type":"page","link":"https:\/\/www.islamo-centras.lt\/lt\/kontaktai\/","title":{"rendered":"Kontaktai"},"content":{"rendered":"<p><span style=\"color: #000000;\"><strong>V\u0161\u012e \u201eISLAMO KULT\u016aROS IR \u0160VIETIMO CENTRAS\u201c<\/strong><\/span><\/p>\n<p><span style=\"color: #000000;\"><strong>Adresas:<\/strong> Smolensko g. 19 &#8211; 118, LT-03200 Vilniaus m., Vilniaus m. sav., Lietuvos Respublika<\/span><\/p>\n<p><span style=\"color: #000000;\">\n<iframe width='500' height='300' style='border: 1px solid #000000' src='https:\/\/www.google.com\/maps?q=Smolensko g. 19, Vilniaus m., Vilniaus m. sav., LT-03200&z=15&t=m&hl=&output=embed'><\/iframe>\n<\/span><\/p>\n<p><img loading=\"lazy\" class=\"aligncenter wp-image-100 size-large\" src=\"http:\/\/www.islamo-centras.lt\/wp-content\/uploads\/2016\/08\/DSC07307_resize-680x1024.jpg\" alt=\"dsc07307_resize\" width=\"550\" height=\"828\" srcset=\"https:\/\/www.islamo-centras.lt\/wp-content\/uploads\/2016\/08\/DSC07307_resize-680x1024.jpg 680w, https:\/\/www.islamo-centras.lt\/wp-content\/uploads\/2016\/08\/DSC07307_resize-199x300.jpg 199w, https:\/\/www.islamo-centras.lt\/wp-content\/uploads\/2016\/08\/DSC07307_resize-768x1156.jpg 768w, https:\/\/www.islamo-centras.lt\/wp-content\/uploads\/2016\/08\/DSC07307_resize.jpg 816w\" sizes=\"(max-width: 550px) 100vw, 550px\" \/><img loading=\"lazy\" class=\"aligncenter wp-image-101 size-large\" src=\"http:\/\/www.islamo-centras.lt\/wp-content\/uploads\/2016\/08\/IEJIMAS_resize-1024x680.jpg\" alt=\"iejimas_resize\" width=\"550\" height=\"365\" srcset=\"https:\/\/www.islamo-centras.lt\/wp-content\/uploads\/2016\/08\/IEJIMAS_resize-1024x680.jpg 1024w, https:\/\/www.islamo-centras.lt\/wp-content\/uploads\/2016\/08\/IEJIMAS_resize-300x199.jpg 300w, https:\/\/www.islamo-centras.lt\/wp-content\/uploads\/2016\/08\/IEJIMAS_resize-768x510.jpg 768w, https:\/\/www.islamo-centras.lt\/wp-content\/uploads\/2016\/08\/IEJIMAS_resize.jpg 1228w\" sizes=\"(max-width: 550px) 100vw, 550px\" \/><\/p>\n<hr \/>\n<p><span style=\"color: #000000;\"><strong>Direktorius:<\/strong> Aleksandras Beganskas.<\/span><\/p>\n<p><span style=\"color: #000000;\"><strong>Kontaktinis telefonas:<\/strong> +370 6790 3415<\/span><\/p>\n<p><span style=\"color: #000000;\"><strong>El. pa\u0161tas:<\/strong> <a href=\"mailto:beganskas@islamo-centras.lt\"><span style=\"color: #000080;\">beganskas@islamo-centras.lt<\/span><\/a><\/span><\/p>\n<hr \/>\n<p><span style=\"color: #000000;\"><strong>Rekvizitai:<\/strong><\/span><\/p>\n<p><span style=\"color: #000000;\"><strong>V\u0161\u012e \u201eIslamo kult\u016bros ir \u0161vietimo centras\u201c<\/strong><\/span><br \/>\n<span style=\"color: #000000;\"><strong>Juridinio asmens kodas: <\/strong>302715248<\/span><br \/>\n<span style=\"color: #000000;\"><strong>Buvein\u0117s adresas: <\/strong>Smolensko g. 19 &#8211; 118, LT-03200 Vilniaus m., Vilniaus m. sav.,\u00a0Lietuvos Respublika<\/span><br \/>\n<span style=\"color: #000000;\"><strong>A.\/S.: <\/strong>LT64 7044 0600 0780 4730<\/span><br \/>\n<span style=\"color: #000000;\"><strong>Bankas: <\/strong>AB \u201cSEB bankas\u201d<\/span><\/p>","protected":false},"excerpt":{"rendered":"<p>V\u0161\u012e \u201eISLAMO KULT\u016aROS IR \u0160VIETIMO CENTRAS\u201c Adresas: Smolensko g. 19 &#8211; 118, LT-03200 Vilniaus m., Vilniaus m. sav., Lietuvos Respublika Direktorius: Aleksandras Beganskas. Kontaktinis telefonas: +370 6790 3415 El. pa\u0161tas: beganskas@islamo-centras.lt Rekvizitai: V\u0161\u012e \u201eIslamo kult\u016bros ir \u0161vietimo centras\u201c Juridinio asmens kodas: 302715248 Buvein\u0117s adresas: Smolensko g. 19 &#8211; 118, LT-03200 Vilniaus m., Vilniaus m. sav.,\u00a0Lietuvos<\/p>\n","protected":false},"author":1,"featured_media":0,"parent":0,"menu_order":0,"comment_status":"closed","ping_status":"closed","template":"","meta":[],"_links":{"self":[{"href":"https:\/\/www.islamo-centras.lt\/lt\/wp-json\/wp\/v2\/pages\/28"}],"collection":[{"href":"https:\/\/www.islamo-centras.lt\/lt\/wp-json\/wp\/v2\/pages"}],"about":[{"href":"https:\/\/www.islamo-centras.lt\/lt\/wp-json\/wp\/v2\/types\/page"}],"author":[{"embeddable":true,"href":"https:\/\/www.islamo-centras.lt\/lt\/wp-json\/wp\/v2\/users\/1"}],"replies":[{"embeddable":true,"href":"https:\/\/www.islamo-centras.lt\/lt\/wp-json\/wp\/v2\/comments?post=28"}],"version-history":[{"count":11,"href":"https:\/\/www.islamo-centras.lt\/lt\/wp-json\/wp\/v2\/pages\/28\/revisions"}],"predecessor-version":[{"id":109,"href":"https:\/\/www.islamo-centras.lt\/lt\/wp-json\/wp\/v2\/pages\/28\/revisions\/109"}],"wp:attachment":[{"href":"https:\/\/www.islamo-centras.lt\/lt\/wp-json\/wp\/v2\/media?parent=28"}],"curies":[{"name":"wp","href":"https:\/\/api.w.org\/{rel}","templated":true}]}}